{"id":8096,"date":"2020-11-19T09:37:09","date_gmt":"2021-11-04T22:26:09","guid":{"rendered":"https:\/\/www.sermac.it\/forni-elettrici-industriali-filtrazione-fumi-software\/unkategorisiert\/tr4-bl-laborofen\/"},"modified":"2021-11-06T10:46:31","modified_gmt":"2021-11-06T09:46:31","slug":"tr4-bl-laborofen","status":"publish","type":"product","link":"https:\/\/www.sermac.it\/de\/elektrisch-beheizte-industrieoefen-absaugfilteranlagen-software\/tr4-bl-laborofen\/","title":{"rendered":"TR4. BL Labor\u00f6fen"},"content":{"rendered":"\t\t<div data-elementor-type=\"wp-post\" data-elementor-id=\"8096\" class=\"elementor elementor-8096 elementor-4303\" data-elementor-post-type=\"product\">\n\t\t\t\t\t\t<section class=\"elementor-section elementor-top-section elementor-element elementor-element-58c093ab elementor-section-boxed elementor-section-height-default elementor-section-height-default\" data-id=\"58c093ab\" data-element_type=\"section\" data-settings=\"{&quot;jet_parallax_layout_list&quot;:[{&quot;jet_parallax_layout_image&quot;:{&quot;url&quot;:&quot;&quot;,&quot;id&quot;:&quot;&quot;,&quot;size&quot;:&quot;&quot;},&quot;_id&quot;:&quot;99b2547&quot;,&quot;jet_parallax_layout_image_tablet&quot;:{&quot;url&quot;:&quot;&quot;,&quot;id&quot;:&quot;&quot;,&quot;size&quot;:&quot;&quot;},&quot;jet_parallax_layout_image_mobile&quot;:{&quot;url&quot;:&quot;&quot;,&quot;id&quot;:&quot;&quot;,&quot;size&quot;:&quot;&quot;},&quot;jet_parallax_layout_speed&quot;:{&quot;unit&quot;:&quot;%&quot;,&quot;size&quot;:50,&quot;sizes&quot;:[]},&quot;jet_parallax_layout_type&quot;:&quot;scroll&quot;,&quot;jet_parallax_layout_direction&quot;:null,&quot;jet_parallax_layout_fx_direction&quot;:null,&quot;jet_parallax_layout_z_index&quot;:&quot;&quot;,&quot;jet_parallax_layout_bg_x&quot;:50,&quot;jet_parallax_layout_bg_x_tablet&quot;:&quot;&quot;,&quot;jet_parallax_layout_bg_x_mobile&quot;:&quot;&quot;,&quot;jet_parallax_layout_bg_y&quot;:50,&quot;jet_parallax_layout_bg_y_tablet&quot;:&quot;&quot;,&quot;jet_parallax_layout_bg_y_mobile&quot;:&quot;&quot;,&quot;jet_parallax_layout_bg_size&quot;:&quot;auto&quot;,&quot;jet_parallax_layout_bg_size_tablet&quot;:&quot;&quot;,&quot;jet_parallax_layout_bg_size_mobile&quot;:&quot;&quot;,&quot;jet_parallax_layout_animation_prop&quot;:&quot;transform&quot;,&quot;jet_parallax_layout_on&quot;:[&quot;desktop&quot;,&quot;tablet&quot;]}]}\">\n\t\t\t\t\t\t<div class=\"elementor-container elementor-column-gap-default\">\n\t\t\t\t\t<div class=\"elementor-column elementor-col-100 elementor-top-column elementor-element elementor-element-62b7feba\" data-id=\"62b7feba\" data-element_type=\"column\">\n\t\t\t<div class=\"elementor-widget-wrap elementor-element-populated\">\n\t\t\t\t\t\t<div class=\"elementor-element elementor-element-0da0de7 elementor-widget elementor-widget-heading\" data-id=\"0da0de7\" data-element_type=\"widget\" data-widget_type=\"heading.default\">\n\t\t\t\t<div class=\"elementor-widget-container\">\n\t\t\t<h2 class=\"elementor-heading-title elementor-size-default\">HAUPTMERKMALE<\/h2>\t\t<\/div>\n\t\t\t\t<\/div>\n\t\t\t\t<div class=\"elementor-element elementor-element-5c177f4 elementor-icon-list--layout-traditional elementor-list-item-link-full_width elementor-widget elementor-widget-icon-list\" data-id=\"5c177f4\" data-element_type=\"widget\" data-widget_type=\"icon-list.default\">\n\t\t\t\t<div class=\"elementor-widget-container\">\n\t\t\t\t\t<ul class=\"elementor-icon-list-items\">\n\t\t\t\t\t\t\t<li class=\"elementor-icon-list-item\">\n\t\t\t\t\t\t\t\t\t\t\t<span class=\"elementor-icon-list-icon\">\n\t\t\t\t\t\t\t<i aria-hidden=\"true\" class=\"fas fa-check\"><\/i>\t\t\t\t\t\t<\/span>\n\t\t\t\t\t\t\t\t\t\t<span class=\"elementor-icon-list-text\">Kompakte Struktur mit ausgezeichnetem Design und optimaler Ergonomie<\/span>\n\t\t\t\t\t\t\t\t\t<\/li>\n\t\t\t\t\t\t\t\t<li class=\"elementor-icon-list-item\">\n\t\t\t\t\t\t\t\t\t\t\t<span class=\"elementor-icon-list-icon\">\n\t\t\t\t\t\t\t<i aria-hidden=\"true\" class=\"fas fa-check\"><\/i>\t\t\t\t\t\t<\/span>\n\t\t\t\t\t\t\t\t\t\t<span class=\"elementor-icon-list-text\">Horizontale, geschichtete Zwangsbel\u00fcftung f\u00fcr die beste Temperaturverteilung in allen Kammerzonen<\/span>\n\t\t\t\t\t\t\t\t\t<\/li>\n\t\t\t\t\t\t\t\t<li class=\"elementor-icon-list-item\">\n\t\t\t\t\t\t\t\t\t\t\t<span class=\"elementor-icon-list-icon\">\n\t\t\t\t\t\t\t<i aria-hidden=\"true\" class=\"fas fa-check\"><\/i>\t\t\t\t\t\t<\/span>\n\t\t\t\t\t\t\t\t\t\t<span class=\"elementor-icon-list-text\">Innenkammer aus Edelstahl AISI 304, einfache Reinigung und hohe W\u00e4rmewirkung<\/span>\n\t\t\t\t\t\t\t\t\t<\/li>\n\t\t\t\t\t\t\t\t<li class=\"elementor-icon-list-item\">\n\t\t\t\t\t\t\t\t\t\t\t<span class=\"elementor-icon-list-icon\">\n\t\t\t\t\t\t\t<i aria-hidden=\"true\" class=\"fas fa-check\"><\/i>\t\t\t\t\t\t<\/span>\n\t\t\t\t\t\t\t\t\t\t<span class=\"elementor-icon-list-text\">Au\u00dfengeh\u00e4use ausschlie\u00dflich aus Edelstahl<\/span>\n\t\t\t\t\t\t\t\t\t<\/li>\n\t\t\t\t\t\t\t\t<li class=\"elementor-icon-list-item\">\n\t\t\t\t\t\t\t\t\t\t\t<span class=\"elementor-icon-list-icon\">\n\t\t\t\t\t\t\t<i aria-hidden=\"true\" class=\"fas fa-check\"><\/i>\t\t\t\t\t\t<\/span>\n\t\t\t\t\t\t\t\t\t\t<span class=\"elementor-icon-list-text\">Luftwechselsystem zur optimalen Bel\u00fcftung der Ofenkammer und zum Absaugen von Rauch, Dampf oder Abgasen, die durch die W\u00e4rmebehandlungsprozesse entstehen.<\/span>\n\t\t\t\t\t\t\t\t\t<\/li>\n\t\t\t\t\t\t\t\t<li class=\"elementor-icon-list-item\">\n\t\t\t\t\t\t\t\t\t\t\t<span class=\"elementor-icon-list-icon\">\n\t\t\t\t\t\t\t<i aria-hidden=\"true\" class=\"fas fa-check\"><\/i>\t\t\t\t\t\t<\/span>\n\t\t\t\t\t\t\t\t\t\t<span class=\"elementor-icon-list-text\">Luftwechselsystem zur optimalen Bel\u00fcftung der Ofenkammer und zum Absaugen von Rauch, Dampf oder Abgasen, die durch die W\u00e4rmebehandlungsprozesse entstehen.<\/span>\n\t\t\t\t\t\t\t\t\t<\/li>\n\t\t\t\t\t\t\t\t<li class=\"elementor-icon-list-item\">\n\t\t\t\t\t\t\t\t\t\t\t<span class=\"elementor-icon-list-icon\">\n\t\t\t\t\t\t\t<i aria-hidden=\"true\" class=\"fas fa-check\"><\/i>\t\t\t\t\t\t<\/span>\n\t\t\t\t\t\t\t\t\t\t<span class=\"elementor-icon-list-text\">Schubladenartig ausziehbarer, gelochter Fachboden aus Edelstahl.<\/span>\n\t\t\t\t\t\t\t\t\t<\/li>\n\t\t\t\t\t\t<\/ul>\n\t\t\t\t<\/div>\n\t\t\t\t<\/div>\n\t\t\t\t<div class=\"elementor-element elementor-element-202bfd6 elementor-widget elementor-widget-heading\" data-id=\"202bfd6\" data-element_type=\"widget\" data-widget_type=\"heading.default\">\n\t\t\t\t<div class=\"elementor-widget-container\">\n\t\t\t<h2 class=\"elementor-heading-title elementor-size-default\">OPTIONEN<\/h2>\t\t<\/div>\n\t\t\t\t<\/div>\n\t\t\t\t<div class=\"elementor-element elementor-element-5193277 elementor-icon-list--layout-traditional elementor-list-item-link-full_width elementor-widget elementor-widget-icon-list\" data-id=\"5193277\" data-element_type=\"widget\" data-widget_type=\"icon-list.default\">\n\t\t\t\t<div class=\"elementor-widget-container\">\n\t\t\t\t\t<ul class=\"elementor-icon-list-items\">\n\t\t\t\t\t\t\t<li class=\"elementor-icon-list-item\">\n\t\t\t\t\t\t\t\t\t\t\t<span class=\"elementor-icon-list-icon\">\n\t\t\t\t\t\t\t<i aria-hidden=\"true\" class=\"fas fa-check\"><\/i>\t\t\t\t\t\t<\/span>\n\t\t\t\t\t\t\t\t\t\t<span class=\"elementor-icon-list-text\">Zus\u00e4tzliche Fachb\u00f6den aus Edelstahl mit entsprechenden F\u00fchrungen<\/span>\n\t\t\t\t\t\t\t\t\t<\/li>\n\t\t\t\t\t\t\t\t<li class=\"elementor-icon-list-item\">\n\t\t\t\t\t\t\t\t\t\t\t<span class=\"elementor-icon-list-icon\">\n\t\t\t\t\t\t\t<i aria-hidden=\"true\" class=\"fas fa-check\"><\/i>\t\t\t\t\t\t<\/span>\n\t\t\t\t\t\t\t\t\t\t<span class=\"elementor-icon-list-text\">Temperaturerfassung \u00fcber externe Software.<\/span>\n\t\t\t\t\t\t\t\t\t<\/li>\n\t\t\t\t\t\t\t\t<li class=\"elementor-icon-list-item\">\n\t\t\t\t\t\t\t\t\t\t\t<span class=\"elementor-icon-list-icon\">\n\t\t\t\t\t\t\t<i aria-hidden=\"true\" class=\"fas fa-check\"><\/i>\t\t\t\t\t\t<\/span>\n\t\t\t\t\t\t\t\t\t\t<span class=\"elementor-icon-list-text\">Luftkan\u00e4le f\u00fcr das Vakuumsystem<\/span>\n\t\t\t\t\t\t\t\t\t<\/li>\n\t\t\t\t\t\t\t\t<li class=\"elementor-icon-list-item\">\n\t\t\t\t\t\t\t\t\t\t\t<span class=\"elementor-icon-list-icon\">\n\t\t\t\t\t\t\t<i aria-hidden=\"true\" class=\"fas fa-check\"><\/i>\t\t\t\t\t\t<\/span>\n\t\t\t\t\t\t\t\t\t\t<span class=\"elementor-icon-list-text\">Anschluss f\u00fcr externe Temperaturmessf\u00fchler oder Detektoreni<\/span>\n\t\t\t\t\t\t\t\t\t<\/li>\n\t\t\t\t\t\t<\/ul>\n\t\t\t\t<\/div>\n\t\t\t\t<\/div>\n\t\t\t\t\t<\/div>\n\t\t<\/div>\n\t\t\t\t\t<\/div>\n\t\t<\/section>\n\t\t\t\t<\/div>\n\t\t","protected":false},"excerpt":{"rendered":"<p>Elektrisch beheizte Industrie\u00f6fen f\u00fcr wichtige thermische Analysen in modernen wissenschaftlichen Labors, signifikante Bemusterungen und kontinuierliche Produktionsstichproben. Hohe Genauigkeit und Temperaturgleichm\u00e4\u00dfigkeit von 60\u00b0C bis 250\u00b0C.<\/p>\n","protected":false},"featured_media":6627,"comment_status":"closed","ping_status":"closed","template":"","meta":[],"product_brand":[],"product_cat":[335],"product_tag":[],"class_list":{"0":"post-8096","1":"product","2":"type-product","3":"status-publish","4":"has-post-thumbnail","6":"product_cat-eletkrooefen-fuer-labore","8":"first","9":"instock","10":"shipping-taxable","11":"product-type-simple"},"yoast_head":"<!-- This site is optimized with the Yoast SEO plugin v27.2 - https:\/\/yoast.com\/product\/yoast-seo-wordpress\/ -->\n<title>TR4. BL Labor\u00f6fen - Sermac<\/title>\n<meta name=\"robots\" content=\"index, follow, max-snippet:-1, max-image-preview:large, max-video-preview:-1\" \/>\n<link rel=\"canonical\" href=\"https:\/\/www.sermac.it\/de\/elektrisch-beheizte-industrieoefen-absaugfilteranlagen-software\/tr4-bl-laborofen\/\" \/>\n<meta property=\"og:locale\" content=\"de_DE\" \/>\n<meta property=\"og:type\" content=\"article\" \/>\n<meta property=\"og:title\" content=\"TR4. BL Labor\u00f6fen - Sermac\" \/>\n<meta property=\"og:description\" content=\"Elektrisch beheizte Industrie\u00f6fen f\u00fcr wichtige thermische Analysen in modernen wissenschaftlichen Labors, signifikante Bemusterungen und kontinuierliche Produktionsstichproben. Hohe Genauigkeit und Temperaturgleichm\u00e4\u00dfigkeit von 60\u00b0C bis 250\u00b0C.\" \/>\n<meta property=\"og:url\" content=\"https:\/\/www.sermac.it\/de\/elektrisch-beheizte-industrieoefen-absaugfilteranlagen-software\/tr4-bl-laborofen\/\" \/>\n<meta property=\"og:site_name\" content=\"Sermac\" \/>\n<meta property=\"article:modified_time\" content=\"2021-11-06T09:46:31+00:00\" \/>\n<meta property=\"og:image\" content=\"https:\/\/www.sermac.it\/wp-content\/uploads\/2020\/11\/tr4-01.jpg\" \/>\n\t<meta property=\"og:image:width\" content=\"600\" \/>\n\t<meta property=\"og:image:height\" content=\"600\" \/>\n\t<meta property=\"og:image:type\" content=\"image\/jpeg\" \/>\n<meta name=\"twitter:card\" content=\"summary_large_image\" \/>\n<meta name=\"twitter:label1\" content=\"Gesch\u00e4tzte Lesezeit\" \/>\n\t<meta name=\"twitter:data1\" content=\"1\u00a0Minute\" \/>\n<script type=\"application\/ld+json\" class=\"yoast-schema-graph\">{\"@context\":\"https:\/\/schema.org\",\"@graph\":[{\"@type\":\"WebPage\",\"@id\":\"https:\/\/www.sermac.it\/de\/elektrisch-beheizte-industrieoefen-absaugfilteranlagen-software\/tr4-bl-laborofen\/\",\"url\":\"https:\/\/www.sermac.it\/de\/elektrisch-beheizte-industrieoefen-absaugfilteranlagen-software\/tr4-bl-laborofen\/\",\"name\":\"TR4. BL Labor\u00f6fen - Sermac\",\"isPartOf\":{\"@id\":\"https:\/\/www.sermac.it\/de\/#website\"},\"primaryImageOfPage\":{\"@id\":\"https:\/\/www.sermac.it\/de\/elektrisch-beheizte-industrieoefen-absaugfilteranlagen-software\/tr4-bl-laborofen\/#primaryimage\"},\"image\":{\"@id\":\"https:\/\/www.sermac.it\/de\/elektrisch-beheizte-industrieoefen-absaugfilteranlagen-software\/tr4-bl-laborofen\/#primaryimage\"},\"thumbnailUrl\":\"https:\/\/www.sermac.it\/wp-content\/uploads\/2020\/11\/tr4-01.jpg\",\"datePublished\":\"2021-11-04T22:26:09+00:00\",\"dateModified\":\"2021-11-06T09:46:31+00:00\",\"breadcrumb\":{\"@id\":\"https:\/\/www.sermac.it\/de\/elektrisch-beheizte-industrieoefen-absaugfilteranlagen-software\/tr4-bl-laborofen\/#breadcrumb\"},\"inLanguage\":\"de\",\"potentialAction\":[{\"@type\":\"ReadAction\",\"target\":[\"https:\/\/www.sermac.it\/de\/elektrisch-beheizte-industrieoefen-absaugfilteranlagen-software\/tr4-bl-laborofen\/\"]}]},{\"@type\":\"ImageObject\",\"inLanguage\":\"de\",\"@id\":\"https:\/\/www.sermac.it\/de\/elektrisch-beheizte-industrieoefen-absaugfilteranlagen-software\/tr4-bl-laborofen\/#primaryimage\",\"url\":\"https:\/\/www.sermac.it\/wp-content\/uploads\/2020\/11\/tr4-01.jpg\",\"contentUrl\":\"https:\/\/www.sermac.it\/wp-content\/uploads\/2020\/11\/tr4-01.jpg\",\"width\":600,\"height\":600,\"caption\":\"Forno TR4 da laboratorio\"},{\"@type\":\"BreadcrumbList\",\"@id\":\"https:\/\/www.sermac.it\/de\/elektrisch-beheizte-industrieoefen-absaugfilteranlagen-software\/tr4-bl-laborofen\/#breadcrumb\",\"itemListElement\":[{\"@type\":\"ListItem\",\"position\":1,\"name\":\"Home\",\"item\":\"https:\/\/www.sermac.it\/de\/\"},{\"@type\":\"ListItem\",\"position\":2,\"name\":\"Elektrisch beheizte industrie\u00f6fen, absaugfilteranlagen und software\",\"item\":\"https:\/\/www.sermac.it\/de\/elektrisch-beheizte-industrieoefen-absaugfilteranlagen-software\/\"},{\"@type\":\"ListItem\",\"position\":3,\"name\":\"TR4. BL Labor\u00f6fen\"}]},{\"@type\":\"WebSite\",\"@id\":\"https:\/\/www.sermac.it\/de\/#website\",\"url\":\"https:\/\/www.sermac.it\/de\/\",\"name\":\"Sermac\",\"description\":\"Forni industriali\",\"publisher\":{\"@id\":\"https:\/\/www.sermac.it\/de\/#organization\"},\"potentialAction\":[{\"@type\":\"SearchAction\",\"target\":{\"@type\":\"EntryPoint\",\"urlTemplate\":\"https:\/\/www.sermac.it\/de\/?s={search_term_string}\"},\"query-input\":{\"@type\":\"PropertyValueSpecification\",\"valueRequired\":true,\"valueName\":\"search_term_string\"}}],\"inLanguage\":\"de\"},{\"@type\":\"Organization\",\"@id\":\"https:\/\/www.sermac.it\/de\/#organization\",\"name\":\"Sermac Forni Industriali\",\"url\":\"https:\/\/www.sermac.it\/de\/\",\"logo\":{\"@type\":\"ImageObject\",\"inLanguage\":\"de\",\"@id\":\"https:\/\/www.sermac.it\/de\/#\/schema\/logo\/image\/\",\"url\":\"https:\/\/www.sermac.it\/wp-content\/uploads\/2020\/04\/logo_ita.jpg\",\"contentUrl\":\"https:\/\/www.sermac.it\/wp-content\/uploads\/2020\/04\/logo_ita.jpg\",\"width\":227,\"height\":69,\"caption\":\"Sermac Forni Industriali\"},\"image\":{\"@id\":\"https:\/\/www.sermac.it\/de\/#\/schema\/logo\/image\/\"}}]}<\/script>\n<!-- \/ Yoast SEO plugin. -->","yoast_head_json":{"title":"TR4. BL Labor\u00f6fen - Sermac","robots":{"index":"index","follow":"follow","max-snippet":"max-snippet:-1","max-image-preview":"max-image-preview:large","max-video-preview":"max-video-preview:-1"},"canonical":"https:\/\/www.sermac.it\/de\/elektrisch-beheizte-industrieoefen-absaugfilteranlagen-software\/tr4-bl-laborofen\/","og_locale":"de_DE","og_type":"article","og_title":"TR4. BL Labor\u00f6fen - Sermac","og_description":"Elektrisch beheizte Industrie\u00f6fen f\u00fcr wichtige thermische Analysen in modernen wissenschaftlichen Labors, signifikante Bemusterungen und kontinuierliche Produktionsstichproben. Hohe Genauigkeit und Temperaturgleichm\u00e4\u00dfigkeit von 60\u00b0C bis 250\u00b0C.","og_url":"https:\/\/www.sermac.it\/de\/elektrisch-beheizte-industrieoefen-absaugfilteranlagen-software\/tr4-bl-laborofen\/","og_site_name":"Sermac","article_modified_time":"2021-11-06T09:46:31+00:00","og_image":[{"width":600,"height":600,"url":"https:\/\/www.sermac.it\/wp-content\/uploads\/2020\/11\/tr4-01.jpg","type":"image\/jpeg"}],"twitter_card":"summary_large_image","twitter_misc":{"Gesch\u00e4tzte Lesezeit":"1\u00a0Minute"},"schema":{"@context":"https:\/\/schema.org","@graph":[{"@type":"WebPage","@id":"https:\/\/www.sermac.it\/de\/elektrisch-beheizte-industrieoefen-absaugfilteranlagen-software\/tr4-bl-laborofen\/","url":"https:\/\/www.sermac.it\/de\/elektrisch-beheizte-industrieoefen-absaugfilteranlagen-software\/tr4-bl-laborofen\/","name":"TR4. BL Labor\u00f6fen - Sermac","isPartOf":{"@id":"https:\/\/www.sermac.it\/de\/#website"},"primaryImageOfPage":{"@id":"https:\/\/www.sermac.it\/de\/elektrisch-beheizte-industrieoefen-absaugfilteranlagen-software\/tr4-bl-laborofen\/#primaryimage"},"image":{"@id":"https:\/\/www.sermac.it\/de\/elektrisch-beheizte-industrieoefen-absaugfilteranlagen-software\/tr4-bl-laborofen\/#primaryimage"},"thumbnailUrl":"https:\/\/www.sermac.it\/wp-content\/uploads\/2020\/11\/tr4-01.jpg","datePublished":"2021-11-04T22:26:09+00:00","dateModified":"2021-11-06T09:46:31+00:00","breadcrumb":{"@id":"https:\/\/www.sermac.it\/de\/elektrisch-beheizte-industrieoefen-absaugfilteranlagen-software\/tr4-bl-laborofen\/#breadcrumb"},"inLanguage":"de","potentialAction":[{"@type":"ReadAction","target":["https:\/\/www.sermac.it\/de\/elektrisch-beheizte-industrieoefen-absaugfilteranlagen-software\/tr4-bl-laborofen\/"]}]},{"@type":"ImageObject","inLanguage":"de","@id":"https:\/\/www.sermac.it\/de\/elektrisch-beheizte-industrieoefen-absaugfilteranlagen-software\/tr4-bl-laborofen\/#primaryimage","url":"https:\/\/www.sermac.it\/wp-content\/uploads\/2020\/11\/tr4-01.jpg","contentUrl":"https:\/\/www.sermac.it\/wp-content\/uploads\/2020\/11\/tr4-01.jpg","width":600,"height":600,"caption":"Forno TR4 da laboratorio"},{"@type":"BreadcrumbList","@id":"https:\/\/www.sermac.it\/de\/elektrisch-beheizte-industrieoefen-absaugfilteranlagen-software\/tr4-bl-laborofen\/#breadcrumb","itemListElement":[{"@type":"ListItem","position":1,"name":"Home","item":"https:\/\/www.sermac.it\/de\/"},{"@type":"ListItem","position":2,"name":"Elektrisch beheizte industrie\u00f6fen, absaugfilteranlagen und software","item":"https:\/\/www.sermac.it\/de\/elektrisch-beheizte-industrieoefen-absaugfilteranlagen-software\/"},{"@type":"ListItem","position":3,"name":"TR4. BL Labor\u00f6fen"}]},{"@type":"WebSite","@id":"https:\/\/www.sermac.it\/de\/#website","url":"https:\/\/www.sermac.it\/de\/","name":"Sermac","description":"Forni industriali","publisher":{"@id":"https:\/\/www.sermac.it\/de\/#organization"},"potentialAction":[{"@type":"SearchAction","target":{"@type":"EntryPoint","urlTemplate":"https:\/\/www.sermac.it\/de\/?s={search_term_string}"},"query-input":{"@type":"PropertyValueSpecification","valueRequired":true,"valueName":"search_term_string"}}],"inLanguage":"de"},{"@type":"Organization","@id":"https:\/\/www.sermac.it\/de\/#organization","name":"Sermac Forni Industriali","url":"https:\/\/www.sermac.it\/de\/","logo":{"@type":"ImageObject","inLanguage":"de","@id":"https:\/\/www.sermac.it\/de\/#\/schema\/logo\/image\/","url":"https:\/\/www.sermac.it\/wp-content\/uploads\/2020\/04\/logo_ita.jpg","contentUrl":"https:\/\/www.sermac.it\/wp-content\/uploads\/2020\/04\/logo_ita.jpg","width":227,"height":69,"caption":"Sermac Forni Industriali"},"image":{"@id":"https:\/\/www.sermac.it\/de\/#\/schema\/logo\/image\/"}}]}},"_links":{"self":[{"href":"https:\/\/www.sermac.it\/de\/wp-json\/wp\/v2\/product\/8096","targetHints":{"allow":["GET"]}}],"collection":[{"href":"https:\/\/www.sermac.it\/de\/wp-json\/wp\/v2\/product"}],"about":[{"href":"https:\/\/www.sermac.it\/de\/wp-json\/wp\/v2\/types\/product"}],"replies":[{"embeddable":true,"href":"https:\/\/www.sermac.it\/de\/wp-json\/wp\/v2\/comments?post=8096"}],"version-history":[{"count":0,"href":"https:\/\/www.sermac.it\/de\/wp-json\/wp\/v2\/product\/8096\/revisions"}],"wp:featuredmedia":[{"embeddable":true,"href":"https:\/\/www.sermac.it\/de\/wp-json\/wp\/v2\/media\/6627"}],"wp:attachment":[{"href":"https:\/\/www.sermac.it\/de\/wp-json\/wp\/v2\/media?parent=8096"}],"wp:term":[{"taxonomy":"product_brand","embeddable":true,"href":"https:\/\/www.sermac.it\/de\/wp-json\/wp\/v2\/product_brand?post=8096"},{"taxonomy":"product_cat","embeddable":true,"href":"https:\/\/www.sermac.it\/de\/wp-json\/wp\/v2\/product_cat?post=8096"},{"taxonomy":"product_tag","embeddable":true,"href":"https:\/\/www.sermac.it\/de\/wp-json\/wp\/v2\/product_tag?post=8096"}],"curies":[{"name":"wp","href":"https:\/\/api.w.org\/{rel}","templated":true}]}}