{"id":8129,"date":"2020-12-26T15:49:17","date_gmt":"2021-11-05T08:55:42","guid":{"rendered":"https:\/\/www.sermac.it\/forni-elettrici-industriali-filtrazione-fumi-software\/unkategorisiert\/ofen-dr1\/"},"modified":"2021-11-05T18:15:06","modified_gmt":"2021-11-05T17:15:06","slug":"ofen-dr1","status":"publish","type":"product","link":"https:\/\/www.sermac.it\/de\/elektrisch-beheizte-industrieoefen-absaugfilteranlagen-software\/ofen-dr1\/","title":{"rendered":"\u00d6fen typ DR1"},"content":{"rendered":"\t\t<div data-elementor-type=\"wp-post\" data-elementor-id=\"8129\" class=\"elementor elementor-8129 elementor-5167\" data-elementor-post-type=\"product\">\n\t\t\t\t\t\t<section class=\"elementor-section elementor-top-section elementor-element elementor-element-58c093ab elementor-section-boxed elementor-section-height-default elementor-section-height-default\" data-id=\"58c093ab\" data-element_type=\"section\" data-settings=\"{&quot;jet_parallax_layout_list&quot;:[{&quot;jet_parallax_layout_image&quot;:{&quot;url&quot;:&quot;&quot;,&quot;id&quot;:&quot;&quot;,&quot;size&quot;:&quot;&quot;},&quot;_id&quot;:&quot;99b2547&quot;,&quot;jet_parallax_layout_image_tablet&quot;:{&quot;url&quot;:&quot;&quot;,&quot;id&quot;:&quot;&quot;,&quot;size&quot;:&quot;&quot;},&quot;jet_parallax_layout_image_mobile&quot;:{&quot;url&quot;:&quot;&quot;,&quot;id&quot;:&quot;&quot;,&quot;size&quot;:&quot;&quot;},&quot;jet_parallax_layout_speed&quot;:{&quot;unit&quot;:&quot;%&quot;,&quot;size&quot;:50,&quot;sizes&quot;:[]},&quot;jet_parallax_layout_type&quot;:&quot;scroll&quot;,&quot;jet_parallax_layout_direction&quot;:null,&quot;jet_parallax_layout_fx_direction&quot;:null,&quot;jet_parallax_layout_z_index&quot;:&quot;&quot;,&quot;jet_parallax_layout_bg_x&quot;:50,&quot;jet_parallax_layout_bg_x_tablet&quot;:&quot;&quot;,&quot;jet_parallax_layout_bg_x_mobile&quot;:&quot;&quot;,&quot;jet_parallax_layout_bg_y&quot;:50,&quot;jet_parallax_layout_bg_y_tablet&quot;:&quot;&quot;,&quot;jet_parallax_layout_bg_y_mobile&quot;:&quot;&quot;,&quot;jet_parallax_layout_bg_size&quot;:&quot;auto&quot;,&quot;jet_parallax_layout_bg_size_tablet&quot;:&quot;&quot;,&quot;jet_parallax_layout_bg_size_mobile&quot;:&quot;&quot;,&quot;jet_parallax_layout_animation_prop&quot;:&quot;transform&quot;,&quot;jet_parallax_layout_on&quot;:[&quot;desktop&quot;,&quot;tablet&quot;]}]}\">\n\t\t\t\t\t\t<div class=\"elementor-container elementor-column-gap-default\">\n\t\t\t\t\t<div class=\"elementor-column elementor-col-100 elementor-top-column elementor-element elementor-element-62b7feba\" data-id=\"62b7feba\" data-element_type=\"column\">\n\t\t\t<div class=\"elementor-widget-wrap elementor-element-populated\">\n\t\t\t\t\t\t<div class=\"elementor-element elementor-element-0da0de7 elementor-widget elementor-widget-heading\" data-id=\"0da0de7\" data-element_type=\"widget\" data-widget_type=\"heading.default\">\n\t\t\t\t<div class=\"elementor-widget-container\">\n\t\t\t<h2 class=\"elementor-heading-title elementor-size-default\">HAUPTMERKMALE<\/h2>\t\t<\/div>\n\t\t\t\t<\/div>\n\t\t\t\t<div class=\"elementor-element elementor-element-5c177f4 elementor-icon-list--layout-traditional elementor-list-item-link-full_width elementor-widget elementor-widget-icon-list\" data-id=\"5c177f4\" data-element_type=\"widget\" data-widget_type=\"icon-list.default\">\n\t\t\t\t<div class=\"elementor-widget-container\">\n\t\t\t\t\t<ul class=\"elementor-icon-list-items\">\n\t\t\t\t\t\t\t<li class=\"elementor-icon-list-item\">\n\t\t\t\t\t\t\t\t\t\t\t<span class=\"elementor-icon-list-icon\">\n\t\t\t\t\t\t\t<i aria-hidden=\"true\" class=\"fas fa-check\"><\/i>\t\t\t\t\t\t<\/span>\n\t\t\t\t\t\t\t\t\t\t<span class=\"elementor-icon-list-text\">Drehtrommel als Lochblech aus Edelstahl, optimiert f\u00fcr das bestm\u00f6gliche Handling der zu behandelnden Teile<\/span>\n\t\t\t\t\t\t\t\t\t<\/li>\n\t\t\t\t\t\t\t\t<li class=\"elementor-icon-list-item\">\n\t\t\t\t\t\t\t\t\t\t\t<span class=\"elementor-icon-list-icon\">\n\t\t\t\t\t\t\t<i aria-hidden=\"true\" class=\"fas fa-check\"><\/i>\t\t\t\t\t\t<\/span>\n\t\t\t\t\t\t\t\t\t\t<span class=\"elementor-icon-list-text\">Trommelverschluss vom Typ \u201eVerstellbare L\u00fcnette\u201c, um das Be- und Entladen der zu behandelnden Teile zu erleichtern<\/span>\n\t\t\t\t\t\t\t\t\t<\/li>\n\t\t\t\t\t\t\t\t<li class=\"elementor-icon-list-item\">\n\t\t\t\t\t\t\t\t\t\t\t<span class=\"elementor-icon-list-icon\">\n\t\t\t\t\t\t\t<i aria-hidden=\"true\" class=\"fas fa-check\"><\/i>\t\t\t\t\t\t<\/span>\n\t\t\t\t\t\t\t\t\t\t<span class=\"elementor-icon-list-text\">Ofenkammer aus poliertem Edelstahl<\/span>\n\t\t\t\t\t\t\t\t\t<\/li>\n\t\t\t\t\t\t\t\t<li class=\"elementor-icon-list-item\">\n\t\t\t\t\t\t\t\t\t\t\t<span class=\"elementor-icon-list-icon\">\n\t\t\t\t\t\t\t<i aria-hidden=\"true\" class=\"fas fa-check\"><\/i>\t\t\t\t\t\t<\/span>\n\t\t\t\t\t\t\t\t\t\t<span class=\"elementor-icon-list-text\">Luftwechsel mit elektrisch gesteuertem Ventil<\/span>\n\t\t\t\t\t\t\t\t\t<\/li>\n\t\t\t\t\t\t\t\t<li class=\"elementor-icon-list-item\">\n\t\t\t\t\t\t\t\t\t\t\t<span class=\"elementor-icon-list-icon\">\n\t\t\t\t\t\t\t<i aria-hidden=\"true\" class=\"fas fa-check\"><\/i>\t\t\t\t\t\t<\/span>\n\t\t\t\t\t\t\t\t\t\t<span class=\"elementor-icon-list-text\">Elektronische Logik f\u00fcr die Steuerung der Trommeldrehung und aller dazugeh\u00f6rigen Schutzsysteme<\/span>\n\t\t\t\t\t\t\t\t\t<\/li>\n\t\t\t\t\t\t\t\t<li class=\"elementor-icon-list-item\">\n\t\t\t\t\t\t\t\t\t\t\t<span class=\"elementor-icon-list-icon\">\n\t\t\t\t\t\t\t<i aria-hidden=\"true\" class=\"fas fa-check\"><\/i>\t\t\t\t\t\t<\/span>\n\t\t\t\t\t\t\t\t\t\t<span class=\"elementor-icon-list-text\">Hochwertige Werkstoffe (auf Anfrage f\u00fcr wei\u00dfe R\u00e4ume)<\/span>\n\t\t\t\t\t\t\t\t\t<\/li>\n\t\t\t\t\t\t\t\t<li class=\"elementor-icon-list-item\">\n\t\t\t\t\t\t\t\t\t\t\t<span class=\"elementor-icon-list-icon\">\n\t\t\t\t\t\t\t<i aria-hidden=\"true\" class=\"fas fa-check\"><\/i>\t\t\t\t\t\t<\/span>\n\t\t\t\t\t\t\t\t\t\t<span class=\"elementor-icon-list-text\">Hohe Genauigkeit und Temperaturgleichm\u00e4\u00dfigkeit<\/span>\n\t\t\t\t\t\t\t\t\t<\/li>\n\t\t\t\t\t\t\t\t<li class=\"elementor-icon-list-item\">\n\t\t\t\t\t\t\t\t\t\t\t<span class=\"elementor-icon-list-icon\">\n\t\t\t\t\t\t\t<i aria-hidden=\"true\" class=\"fas fa-check\"><\/i>\t\t\t\t\t\t<\/span>\n\t\t\t\t\t\t\t\t\t\t<span class=\"elementor-icon-list-text\">Innovatives, selbst ausl\u00f6sendes \u00dcbertemperatur-Sicherheitssystem<\/span>\n\t\t\t\t\t\t\t\t\t<\/li>\n\t\t\t\t\t\t<\/ul>\n\t\t\t\t<\/div>\n\t\t\t\t<\/div>\n\t\t\t\t\t<\/div>\n\t\t<\/div>\n\t\t\t\t\t<\/div>\n\t\t<\/section>\n\t\t\t\t<\/div>\n\t\t","protected":false},"excerpt":{"rendered":"<p>Elektrisch beheizte Mini-Dreh\u00f6fen f\u00fcr genaue Nachvulkanisierungsbehandlungen (POST-CURING) von kleineren Teilen aus Gummi, Silikon, Viton, usw.<\/p>\n<p>Basierend auf unseren hervorragenden elektrisch beheizten DREH\u00d6FEN vom Typ DM-Plus wurde diese neue Baureihe von \u00d6fen DR.1 entwickelt und hergestellt, um POST-CURING-W\u00e4rmebehandlungszyklen bei sehr kleinen jedoch hochanspruchsvollen Teilen durchzuf\u00fchren. Diese \u00d6fen sind ein unverzichtbares Arbeitsmittel in der Behandlung von Elastomeren (Gummi, Viton, Silikon, Polyurethan usw.). Durch benutzerfreundliche W\u00e4rmebehandlungszyklen, die mit diesem Ofen programmiert und eingestellt werden k\u00f6nnen, kann man die besten Werte in punkto Gleichm\u00e4\u00dfigkeit, Ebenheit und Geradheit der Teile erreichen.<\/p>\n","protected":false},"featured_media":6081,"comment_status":"open","ping_status":"closed","template":"","meta":[],"product_brand":[],"product_cat":[332],"product_tag":[],"class_list":{"0":"post-8129","1":"product","2":"type-product","3":"status-publish","4":"has-post-thumbnail","6":"product_cat-elektrooefen-drehrohroefen-mit-belueftung","8":"first","9":"instock","10":"shipping-taxable","11":"product-type-simple"},"yoast_head":"<!-- This site is optimized with the Yoast SEO plugin v27.2 - https:\/\/yoast.com\/product\/yoast-seo-wordpress\/ -->\n<title>\u00d6fen typ DR1 - Sermac<\/title>\n<meta name=\"robots\" content=\"index, follow, max-snippet:-1, max-image-preview:large, max-video-preview:-1\" \/>\n<link rel=\"canonical\" href=\"https:\/\/www.sermac.it\/de\/elektrisch-beheizte-industrieoefen-absaugfilteranlagen-software\/ofen-dr1\/\" \/>\n<meta property=\"og:locale\" content=\"de_DE\" \/>\n<meta property=\"og:type\" content=\"article\" \/>\n<meta property=\"og:title\" content=\"\u00d6fen typ DR1 - Sermac\" \/>\n<meta property=\"og:description\" content=\"Elektrisch beheizte Mini-Dreh\u00f6fen f\u00fcr genaue Nachvulkanisierungsbehandlungen (POST-CURING) von kleineren Teilen aus Gummi, Silikon, Viton, usw.  Basierend auf unseren hervorragenden elektrisch beheizten DREH\u00d6FEN vom Typ DM-Plus wurde diese neue Baureihe von \u00d6fen DR.1 entwickelt und hergestellt, um POST-CURING-W\u00e4rmebehandlungszyklen bei sehr kleinen jedoch hochanspruchsvollen Teilen durchzuf\u00fchren. Diese \u00d6fen sind ein unverzichtbares Arbeitsmittel in der Behandlung von Elastomeren (Gummi, Viton, Silikon, Polyurethan usw.). Durch benutzerfreundliche W\u00e4rmebehandlungszyklen, die mit diesem Ofen programmiert und eingestellt werden k\u00f6nnen, kann man die besten Werte in punkto Gleichm\u00e4\u00dfigkeit, Ebenheit und Geradheit der Teile erreichen.\" \/>\n<meta property=\"og:url\" content=\"https:\/\/www.sermac.it\/de\/elektrisch-beheizte-industrieoefen-absaugfilteranlagen-software\/ofen-dr1\/\" \/>\n<meta property=\"og:site_name\" content=\"Sermac\" \/>\n<meta property=\"article:modified_time\" content=\"2021-11-05T17:15:06+00:00\" \/>\n<meta property=\"og:image\" content=\"https:\/\/www.sermac.it\/wp-content\/uploads\/2020\/12\/DR1-001.jpg\" \/>\n\t<meta property=\"og:image:width\" content=\"600\" \/>\n\t<meta property=\"og:image:height\" content=\"600\" \/>\n\t<meta property=\"og:image:type\" content=\"image\/jpeg\" \/>\n<meta name=\"twitter:card\" content=\"summary_large_image\" \/>\n<script type=\"application\/ld+json\" class=\"yoast-schema-graph\">{\"@context\":\"https:\/\/schema.org\",\"@graph\":[{\"@type\":\"WebPage\",\"@id\":\"https:\/\/www.sermac.it\/de\/elektrisch-beheizte-industrieoefen-absaugfilteranlagen-software\/ofen-dr1\/\",\"url\":\"https:\/\/www.sermac.it\/de\/elektrisch-beheizte-industrieoefen-absaugfilteranlagen-software\/ofen-dr1\/\",\"name\":\"\u00d6fen typ DR1 - Sermac\",\"isPartOf\":{\"@id\":\"https:\/\/www.sermac.it\/de\/#website\"},\"primaryImageOfPage\":{\"@id\":\"https:\/\/www.sermac.it\/de\/elektrisch-beheizte-industrieoefen-absaugfilteranlagen-software\/ofen-dr1\/#primaryimage\"},\"image\":{\"@id\":\"https:\/\/www.sermac.it\/de\/elektrisch-beheizte-industrieoefen-absaugfilteranlagen-software\/ofen-dr1\/#primaryimage\"},\"thumbnailUrl\":\"https:\/\/www.sermac.it\/wp-content\/uploads\/2020\/12\/DR1-001.jpg\",\"datePublished\":\"2021-11-05T08:55:42+00:00\",\"dateModified\":\"2021-11-05T17:15:06+00:00\",\"breadcrumb\":{\"@id\":\"https:\/\/www.sermac.it\/de\/elektrisch-beheizte-industrieoefen-absaugfilteranlagen-software\/ofen-dr1\/#breadcrumb\"},\"inLanguage\":\"de\",\"potentialAction\":[{\"@type\":\"ReadAction\",\"target\":[\"https:\/\/www.sermac.it\/de\/elektrisch-beheizte-industrieoefen-absaugfilteranlagen-software\/ofen-dr1\/\"]}]},{\"@type\":\"ImageObject\",\"inLanguage\":\"de\",\"@id\":\"https:\/\/www.sermac.it\/de\/elektrisch-beheizte-industrieoefen-absaugfilteranlagen-software\/ofen-dr1\/#primaryimage\",\"url\":\"https:\/\/www.sermac.it\/wp-content\/uploads\/2020\/12\/DR1-001.jpg\",\"contentUrl\":\"https:\/\/www.sermac.it\/wp-content\/uploads\/2020\/12\/DR1-001.jpg\",\"width\":600,\"height\":600,\"caption\":\"Forni Elettrici Rotanti Ventilati DR1\"},{\"@type\":\"BreadcrumbList\",\"@id\":\"https:\/\/www.sermac.it\/de\/elektrisch-beheizte-industrieoefen-absaugfilteranlagen-software\/ofen-dr1\/#breadcrumb\",\"itemListElement\":[{\"@type\":\"ListItem\",\"position\":1,\"name\":\"Home\",\"item\":\"https:\/\/www.sermac.it\/de\/\"},{\"@type\":\"ListItem\",\"position\":2,\"name\":\"Elektrisch beheizte industrie\u00f6fen, absaugfilteranlagen und software\",\"item\":\"https:\/\/www.sermac.it\/de\/elektrisch-beheizte-industrieoefen-absaugfilteranlagen-software\/\"},{\"@type\":\"ListItem\",\"position\":3,\"name\":\"\u00d6fen typ DR1\"}]},{\"@type\":\"WebSite\",\"@id\":\"https:\/\/www.sermac.it\/de\/#website\",\"url\":\"https:\/\/www.sermac.it\/de\/\",\"name\":\"Sermac\",\"description\":\"Forni industriali\",\"publisher\":{\"@id\":\"https:\/\/www.sermac.it\/de\/#organization\"},\"potentialAction\":[{\"@type\":\"SearchAction\",\"target\":{\"@type\":\"EntryPoint\",\"urlTemplate\":\"https:\/\/www.sermac.it\/de\/?s={search_term_string}\"},\"query-input\":{\"@type\":\"PropertyValueSpecification\",\"valueRequired\":true,\"valueName\":\"search_term_string\"}}],\"inLanguage\":\"de\"},{\"@type\":\"Organization\",\"@id\":\"https:\/\/www.sermac.it\/de\/#organization\",\"name\":\"Sermac Forni Industriali\",\"url\":\"https:\/\/www.sermac.it\/de\/\",\"logo\":{\"@type\":\"ImageObject\",\"inLanguage\":\"de\",\"@id\":\"https:\/\/www.sermac.it\/de\/#\/schema\/logo\/image\/\",\"url\":\"https:\/\/www.sermac.it\/wp-content\/uploads\/2020\/04\/logo_ita.jpg\",\"contentUrl\":\"https:\/\/www.sermac.it\/wp-content\/uploads\/2020\/04\/logo_ita.jpg\",\"width\":227,\"height\":69,\"caption\":\"Sermac Forni Industriali\"},\"image\":{\"@id\":\"https:\/\/www.sermac.it\/de\/#\/schema\/logo\/image\/\"}}]}<\/script>\n<!-- \/ Yoast SEO plugin. -->","yoast_head_json":{"title":"\u00d6fen typ DR1 - Sermac","robots":{"index":"index","follow":"follow","max-snippet":"max-snippet:-1","max-image-preview":"max-image-preview:large","max-video-preview":"max-video-preview:-1"},"canonical":"https:\/\/www.sermac.it\/de\/elektrisch-beheizte-industrieoefen-absaugfilteranlagen-software\/ofen-dr1\/","og_locale":"de_DE","og_type":"article","og_title":"\u00d6fen typ DR1 - Sermac","og_description":"Elektrisch beheizte Mini-Dreh\u00f6fen f\u00fcr genaue Nachvulkanisierungsbehandlungen (POST-CURING) von kleineren Teilen aus Gummi, Silikon, Viton, usw.  Basierend auf unseren hervorragenden elektrisch beheizten DREH\u00d6FEN vom Typ DM-Plus wurde diese neue Baureihe von \u00d6fen DR.1 entwickelt und hergestellt, um POST-CURING-W\u00e4rmebehandlungszyklen bei sehr kleinen jedoch hochanspruchsvollen Teilen durchzuf\u00fchren. Diese \u00d6fen sind ein unverzichtbares Arbeitsmittel in der Behandlung von Elastomeren (Gummi, Viton, Silikon, Polyurethan usw.). Durch benutzerfreundliche W\u00e4rmebehandlungszyklen, die mit diesem Ofen programmiert und eingestellt werden k\u00f6nnen, kann man die besten Werte in punkto Gleichm\u00e4\u00dfigkeit, Ebenheit und Geradheit der Teile erreichen.","og_url":"https:\/\/www.sermac.it\/de\/elektrisch-beheizte-industrieoefen-absaugfilteranlagen-software\/ofen-dr1\/","og_site_name":"Sermac","article_modified_time":"2021-11-05T17:15:06+00:00","og_image":[{"width":600,"height":600,"url":"https:\/\/www.sermac.it\/wp-content\/uploads\/2020\/12\/DR1-001.jpg","type":"image\/jpeg"}],"twitter_card":"summary_large_image","schema":{"@context":"https:\/\/schema.org","@graph":[{"@type":"WebPage","@id":"https:\/\/www.sermac.it\/de\/elektrisch-beheizte-industrieoefen-absaugfilteranlagen-software\/ofen-dr1\/","url":"https:\/\/www.sermac.it\/de\/elektrisch-beheizte-industrieoefen-absaugfilteranlagen-software\/ofen-dr1\/","name":"\u00d6fen typ DR1 - Sermac","isPartOf":{"@id":"https:\/\/www.sermac.it\/de\/#website"},"primaryImageOfPage":{"@id":"https:\/\/www.sermac.it\/de\/elektrisch-beheizte-industrieoefen-absaugfilteranlagen-software\/ofen-dr1\/#primaryimage"},"image":{"@id":"https:\/\/www.sermac.it\/de\/elektrisch-beheizte-industrieoefen-absaugfilteranlagen-software\/ofen-dr1\/#primaryimage"},"thumbnailUrl":"https:\/\/www.sermac.it\/wp-content\/uploads\/2020\/12\/DR1-001.jpg","datePublished":"2021-11-05T08:55:42+00:00","dateModified":"2021-11-05T17:15:06+00:00","breadcrumb":{"@id":"https:\/\/www.sermac.it\/de\/elektrisch-beheizte-industrieoefen-absaugfilteranlagen-software\/ofen-dr1\/#breadcrumb"},"inLanguage":"de","potentialAction":[{"@type":"ReadAction","target":["https:\/\/www.sermac.it\/de\/elektrisch-beheizte-industrieoefen-absaugfilteranlagen-software\/ofen-dr1\/"]}]},{"@type":"ImageObject","inLanguage":"de","@id":"https:\/\/www.sermac.it\/de\/elektrisch-beheizte-industrieoefen-absaugfilteranlagen-software\/ofen-dr1\/#primaryimage","url":"https:\/\/www.sermac.it\/wp-content\/uploads\/2020\/12\/DR1-001.jpg","contentUrl":"https:\/\/www.sermac.it\/wp-content\/uploads\/2020\/12\/DR1-001.jpg","width":600,"height":600,"caption":"Forni Elettrici Rotanti Ventilati DR1"},{"@type":"BreadcrumbList","@id":"https:\/\/www.sermac.it\/de\/elektrisch-beheizte-industrieoefen-absaugfilteranlagen-software\/ofen-dr1\/#breadcrumb","itemListElement":[{"@type":"ListItem","position":1,"name":"Home","item":"https:\/\/www.sermac.it\/de\/"},{"@type":"ListItem","position":2,"name":"Elektrisch beheizte industrie\u00f6fen, absaugfilteranlagen und software","item":"https:\/\/www.sermac.it\/de\/elektrisch-beheizte-industrieoefen-absaugfilteranlagen-software\/"},{"@type":"ListItem","position":3,"name":"\u00d6fen typ DR1"}]},{"@type":"WebSite","@id":"https:\/\/www.sermac.it\/de\/#website","url":"https:\/\/www.sermac.it\/de\/","name":"Sermac","description":"Forni industriali","publisher":{"@id":"https:\/\/www.sermac.it\/de\/#organization"},"potentialAction":[{"@type":"SearchAction","target":{"@type":"EntryPoint","urlTemplate":"https:\/\/www.sermac.it\/de\/?s={search_term_string}"},"query-input":{"@type":"PropertyValueSpecification","valueRequired":true,"valueName":"search_term_string"}}],"inLanguage":"de"},{"@type":"Organization","@id":"https:\/\/www.sermac.it\/de\/#organization","name":"Sermac Forni Industriali","url":"https:\/\/www.sermac.it\/de\/","logo":{"@type":"ImageObject","inLanguage":"de","@id":"https:\/\/www.sermac.it\/de\/#\/schema\/logo\/image\/","url":"https:\/\/www.sermac.it\/wp-content\/uploads\/2020\/04\/logo_ita.jpg","contentUrl":"https:\/\/www.sermac.it\/wp-content\/uploads\/2020\/04\/logo_ita.jpg","width":227,"height":69,"caption":"Sermac Forni Industriali"},"image":{"@id":"https:\/\/www.sermac.it\/de\/#\/schema\/logo\/image\/"}}]}},"_links":{"self":[{"href":"https:\/\/www.sermac.it\/de\/wp-json\/wp\/v2\/product\/8129","targetHints":{"allow":["GET"]}}],"collection":[{"href":"https:\/\/www.sermac.it\/de\/wp-json\/wp\/v2\/product"}],"about":[{"href":"https:\/\/www.sermac.it\/de\/wp-json\/wp\/v2\/types\/product"}],"replies":[{"embeddable":true,"href":"https:\/\/www.sermac.it\/de\/wp-json\/wp\/v2\/comments?post=8129"}],"version-history":[{"count":0,"href":"https:\/\/www.sermac.it\/de\/wp-json\/wp\/v2\/product\/8129\/revisions"}],"wp:featuredmedia":[{"embeddable":true,"href":"https:\/\/www.sermac.it\/de\/wp-json\/wp\/v2\/media\/6081"}],"wp:attachment":[{"href":"https:\/\/www.sermac.it\/de\/wp-json\/wp\/v2\/media?parent=8129"}],"wp:term":[{"taxonomy":"product_brand","embeddable":true,"href":"https:\/\/www.sermac.it\/de\/wp-json\/wp\/v2\/product_brand?post=8129"},{"taxonomy":"product_cat","embeddable":true,"href":"https:\/\/www.sermac.it\/de\/wp-json\/wp\/v2\/product_cat?post=8129"},{"taxonomy":"product_tag","embeddable":true,"href":"https:\/\/www.sermac.it\/de\/wp-json\/wp\/v2\/product_tag?post=8129"}],"curies":[{"name":"wp","href":"https:\/\/api.w.org\/{rel}","templated":true}]}}