{"id":8142,"date":"2020-12-26T10:21:51","date_gmt":"2021-11-05T11:36:33","guid":{"rendered":"https:\/\/www.sermac.it\/forni-elettrici-industriali-filtrazione-fumi-software\/unkategorisiert\/ofen-forni-cdtm\/"},"modified":"2021-11-08T10:09:27","modified_gmt":"2021-11-08T09:09:27","slug":"ofen-forni-cdtm","status":"publish","type":"product","link":"https:\/\/www.sermac.it\/de\/elektrisch-beheizte-industrieoefen-absaugfilteranlagen-software\/ofen-forni-cdtm\/","title":{"rendered":"\u00d6fen typ CDTM"},"content":{"rendered":"\t\t<div data-elementor-type=\"wp-post\" data-elementor-id=\"8142\" class=\"elementor elementor-8142 elementor-5124\" data-elementor-post-type=\"product\">\n\t\t\t\t\t\t<section class=\"elementor-section elementor-top-section elementor-element elementor-element-58c093ab elementor-section-boxed elementor-section-height-default elementor-section-height-default\" data-id=\"58c093ab\" data-element_type=\"section\" data-settings=\"{&quot;jet_parallax_layout_list&quot;:[{&quot;jet_parallax_layout_image&quot;:{&quot;url&quot;:&quot;&quot;,&quot;id&quot;:&quot;&quot;,&quot;size&quot;:&quot;&quot;},&quot;_id&quot;:&quot;99b2547&quot;,&quot;jet_parallax_layout_image_tablet&quot;:{&quot;url&quot;:&quot;&quot;,&quot;id&quot;:&quot;&quot;,&quot;size&quot;:&quot;&quot;},&quot;jet_parallax_layout_image_mobile&quot;:{&quot;url&quot;:&quot;&quot;,&quot;id&quot;:&quot;&quot;,&quot;size&quot;:&quot;&quot;},&quot;jet_parallax_layout_speed&quot;:{&quot;unit&quot;:&quot;%&quot;,&quot;size&quot;:50,&quot;sizes&quot;:[]},&quot;jet_parallax_layout_type&quot;:&quot;scroll&quot;,&quot;jet_parallax_layout_direction&quot;:null,&quot;jet_parallax_layout_fx_direction&quot;:null,&quot;jet_parallax_layout_z_index&quot;:&quot;&quot;,&quot;jet_parallax_layout_bg_x&quot;:50,&quot;jet_parallax_layout_bg_x_tablet&quot;:&quot;&quot;,&quot;jet_parallax_layout_bg_x_mobile&quot;:&quot;&quot;,&quot;jet_parallax_layout_bg_y&quot;:50,&quot;jet_parallax_layout_bg_y_tablet&quot;:&quot;&quot;,&quot;jet_parallax_layout_bg_y_mobile&quot;:&quot;&quot;,&quot;jet_parallax_layout_bg_size&quot;:&quot;auto&quot;,&quot;jet_parallax_layout_bg_size_tablet&quot;:&quot;&quot;,&quot;jet_parallax_layout_bg_size_mobile&quot;:&quot;&quot;,&quot;jet_parallax_layout_animation_prop&quot;:&quot;transform&quot;,&quot;jet_parallax_layout_on&quot;:[&quot;desktop&quot;,&quot;tablet&quot;]}]}\">\n\t\t\t\t\t\t<div class=\"elementor-container elementor-column-gap-default\">\n\t\t\t\t\t<div class=\"elementor-column elementor-col-100 elementor-top-column elementor-element elementor-element-62b7feba\" data-id=\"62b7feba\" data-element_type=\"column\">\n\t\t\t<div class=\"elementor-widget-wrap elementor-element-populated\">\n\t\t\t\t\t\t<div class=\"elementor-element elementor-element-0da0de7 elementor-widget elementor-widget-heading\" data-id=\"0da0de7\" data-element_type=\"widget\" data-widget_type=\"heading.default\">\n\t\t\t\t<div class=\"elementor-widget-container\">\n\t\t\t<h2 class=\"elementor-heading-title elementor-size-default\">HAUPTMERKMALE<\/h2>\t\t<\/div>\n\t\t\t\t<\/div>\n\t\t\t\t<div class=\"elementor-element elementor-element-5c177f4 elementor-icon-list--layout-traditional elementor-list-item-link-full_width elementor-widget elementor-widget-icon-list\" data-id=\"5c177f4\" data-element_type=\"widget\" data-widget_type=\"icon-list.default\">\n\t\t\t\t<div class=\"elementor-widget-container\">\n\t\t\t\t\t<ul class=\"elementor-icon-list-items\">\n\t\t\t\t\t\t\t<li class=\"elementor-icon-list-item\">\n\t\t\t\t\t\t\t\t\t\t\t<span class=\"elementor-icon-list-icon\">\n\t\t\t\t\t\t\t<i aria-hidden=\"true\" class=\"fas fa-check\"><\/i>\t\t\t\t\t\t<\/span>\n\t\t\t\t\t\t\t\t\t\t<span class=\"elementor-icon-list-text\">Hohe Genauigkeit und Temperaturgleichm\u00e4\u00dfigkeit<\/span>\n\t\t\t\t\t\t\t\t\t<\/li>\n\t\t\t\t\t\t\t\t<li class=\"elementor-icon-list-item\">\n\t\t\t\t\t\t\t\t\t\t\t<span class=\"elementor-icon-list-icon\">\n\t\t\t\t\t\t\t<i aria-hidden=\"true\" class=\"fas fa-check\"><\/i>\t\t\t\t\t\t<\/span>\n\t\t\t\t\t\t\t\t\t\t<span class=\"elementor-icon-list-text\">Geschichtete L\u00fcftung f\u00fcr eine optimale, gleichm\u00e4\u00dfige Betriebstemperatur<\/span>\n\t\t\t\t\t\t\t\t\t<\/li>\n\t\t\t\t\t\t\t\t<li class=\"elementor-icon-list-item\">\n\t\t\t\t\t\t\t\t\t\t\t<span class=\"elementor-icon-list-icon\">\n\t\t\t\t\t\t\t<i aria-hidden=\"true\" class=\"fas fa-check\"><\/i>\t\t\t\t\t\t<\/span>\n\t\t\t\t\t\t\t\t\t\t<span class=\"elementor-icon-list-text\">Innovatives einstellbares Luftwechselsystem zum Absaugen von Rauch, Dampf oder anderen Substanzen, die durch die W\u00e4rmebehandlungsprozesse entstehen. Optionales programmierbares L\u00fcftungsger\u00e4t f\u00fcr Prozesse, bei denen besonders viel Rauch entsteht.<\/span>\n\t\t\t\t\t\t\t\t\t<\/li>\n\t\t\t\t\t\t\t\t<li class=\"elementor-icon-list-item\">\n\t\t\t\t\t\t\t\t\t\t\t<span class=\"elementor-icon-list-icon\">\n\t\t\t\t\t\t\t<i aria-hidden=\"true\" class=\"fas fa-check\"><\/i>\t\t\t\t\t\t<\/span>\n\t\t\t\t\t\t\t\t\t\t<span class=\"elementor-icon-list-text\">Sehr hoher Isolierungs- und W\u00e4rmed\u00e4mmungsgrad<\/span>\n\t\t\t\t\t\t\t\t\t<\/li>\n\t\t\t\t\t\t\t\t<li class=\"elementor-icon-list-item\">\n\t\t\t\t\t\t\t\t\t\t\t<span class=\"elementor-icon-list-icon\">\n\t\t\t\t\t\t\t<i aria-hidden=\"true\" class=\"fas fa-check\"><\/i>\t\t\t\t\t\t<\/span>\n\t\t\t\t\t\t\t\t\t\t<span class=\"elementor-icon-list-text\">Robuste luftdichte Kammer aus Edelstahl<\/span>\n\t\t\t\t\t\t\t\t\t<\/li>\n\t\t\t\t\t\t\t\t<li class=\"elementor-icon-list-item\">\n\t\t\t\t\t\t\t\t\t\t\t<span class=\"elementor-icon-list-icon\">\n\t\t\t\t\t\t\t<i aria-hidden=\"true\" class=\"fas fa-check\"><\/i>\t\t\t\t\t\t<\/span>\n\t\t\t\t\t\t\t\t\t\t<span class=\"elementor-icon-list-text\">Hochwertige Werkstoffe und Komponenten, vorzugsweise italienischer Herkunft<\/span>\n\t\t\t\t\t\t\t\t\t<\/li>\n\t\t\t\t\t\t\t\t<li class=\"elementor-icon-list-item\">\n\t\t\t\t\t\t\t\t\t\t\t<span class=\"elementor-icon-list-icon\">\n\t\t\t\t\t\t\t<i aria-hidden=\"true\" class=\"fas fa-check\"><\/i>\t\t\t\t\t\t<\/span>\n\t\t\t\t\t\t\t\t\t\t<span class=\"elementor-icon-list-text\">Digitaler elektronischer Temperaturregler mit Selbstdiagnose, einfache und intuitive Bedienung<\/span>\n\t\t\t\t\t\t\t\t\t<\/li>\n\t\t\t\t\t\t\t\t<li class=\"elementor-icon-list-item\">\n\t\t\t\t\t\t\t\t\t\t\t<span class=\"elementor-icon-list-icon\">\n\t\t\t\t\t\t\t<i aria-hidden=\"true\" class=\"fas fa-check\"><\/i>\t\t\t\t\t\t<\/span>\n\t\t\t\t\t\t\t\t\t\t<span class=\"elementor-icon-list-text\">Innovatives selbst ausl\u00f6sendes Schutzsystem, das den Ofenbetrieb bei versehentlichem \u00dcberschreiten der Solltemperatur anh\u00e4lt<\/span>\n\t\t\t\t\t\t\t\t\t<\/li>\n\t\t\t\t\t\t\t\t<li class=\"elementor-icon-list-item\">\n\t\t\t\t\t\t\t\t\t\t\t<span class=\"elementor-icon-list-icon\">\n\t\t\t\t\t\t\t<i aria-hidden=\"true\" class=\"fas fa-check\"><\/i>\t\t\t\t\t\t<\/span>\n\t\t\t\t\t\t\t\t\t\t<span class=\"elementor-icon-list-text\">Gro\u00dfe Auswahl an Zubeh\u00f6r auf Anfrage<\/span>\n\t\t\t\t\t\t\t\t\t<\/li>\n\t\t\t\t\t\t<\/ul>\n\t\t\t\t<\/div>\n\t\t\t\t<\/div>\n\t\t\t\t<div class=\"elementor-element elementor-element-202bfd6 elementor-widget elementor-widget-heading\" data-id=\"202bfd6\" data-element_type=\"widget\" data-widget_type=\"heading.default\">\n\t\t\t\t<div class=\"elementor-widget-container\">\n\t\t\t<h2 class=\"elementor-heading-title elementor-size-default\">25 Modelle mit einem Kammervolumen von 600 bis 20.000 Litern<\/h2>\t\t<\/div>\n\t\t\t\t<\/div>\n\t\t\t\t<div class=\"elementor-element elementor-element-624b033 elementor-widget elementor-widget-text-editor\" data-id=\"624b033\" data-element_type=\"widget\" data-widget_type=\"text-editor.default\">\n\t\t\t\t<div class=\"elementor-widget-container\">\n\t\t\t\t\t\t\t<p>Sehr vorteilhaftes Kosten-Nutzen-Verh\u00e4ltnis<\/p>\n\t\t\t\t\t\t<\/div>\n\t\t\t\t<\/div>\n\t\t\t\t<div class=\"elementor-element elementor-element-dd84ebd elementor-icon-list--layout-traditional elementor-list-item-link-full_width elementor-widget elementor-widget-icon-list\" data-id=\"dd84ebd\" data-element_type=\"widget\" data-widget_type=\"icon-list.default\">\n\t\t\t\t<div class=\"elementor-widget-container\">\n\t\t\t\t\t<ul class=\"elementor-icon-list-items\">\n\t\t\t\t\t\t\t<li class=\"elementor-icon-list-item\">\n\t\t\t\t\t\t\t\t\t\t\t<span class=\"elementor-icon-list-icon\">\n\t\t\t\t\t\t\t<i aria-hidden=\"true\" class=\"fas fa-check\"><\/i>\t\t\t\t\t\t<\/span>\n\t\t\t\t\t\t\t\t\t\t<span class=\"elementor-icon-list-text\">Auf Anfrage mit AMS 2750-zertifizierten Systemen (Luft- und Raumfahrt) und \u00dcberwachungs- und Aufzeichnungssystemen nach CQI9 (Automobilbereich) lieferbar<\/span>\n\t\t\t\t\t\t\t\t\t<\/li>\n\t\t\t\t\t\t\t\t<li class=\"elementor-icon-list-item\">\n\t\t\t\t\t\t\t\t\t\t\t<span class=\"elementor-icon-list-icon\">\n\t\t\t\t\t\t\t<i aria-hidden=\"true\" class=\"fas fa-check\"><\/i>\t\t\t\t\t\t<\/span>\n\t\t\t\t\t\t\t\t\t\t<span class=\"elementor-icon-list-text\">Auf Anfrage f\u00fcr die Verwendung gem\u00e4\u00df den UNI EN1539 Vorschriften lieferbar<\/span>\n\t\t\t\t\t\t\t\t\t<\/li>\n\t\t\t\t\t\t\t\t<li class=\"elementor-icon-list-item\">\n\t\t\t\t\t\t\t\t\t\t\t<span class=\"elementor-icon-list-icon\">\n\t\t\t\t\t\t\t<i aria-hidden=\"true\" class=\"fas fa-check\"><\/i>\t\t\t\t\t\t<\/span>\n\t\t\t\t\t\t\t\t\t\t<span class=\"elementor-icon-list-text\">Auch in der RUBBER Version erh\u00e4ltlich<\/span>\n\t\t\t\t\t\t\t\t\t<\/li>\n\t\t\t\t\t\t\t\t<li class=\"elementor-icon-list-item\">\n\t\t\t\t\t\t\t\t\t\t\t<span class=\"elementor-icon-list-icon\">\n\t\t\t\t\t\t\t<i aria-hidden=\"true\" class=\"fas fa-check\"><\/i>\t\t\t\t\t\t<\/span>\n\t\t\t\t\t\t\t\t\t\t<span class=\"elementor-icon-list-text\">T-Tube-L\u00f6sung am Kamin<\/span>\n\t\t\t\t\t\t\t\t\t<\/li>\n\t\t\t\t\t\t\t\t<li class=\"elementor-icon-list-item\">\n\t\t\t\t\t\t\t\t\t\t\t<span class=\"elementor-icon-list-icon\">\n\t\t\t\t\t\t\t<i aria-hidden=\"true\" class=\"fas fa-check\"><\/i>\t\t\t\t\t\t<\/span>\n\t\t\t\t\t\t\t\t\t\t<span class=\"elementor-icon-list-text\">Vorbereitung zum Anschluss an das CO2-System des Kunden<\/span>\n\t\t\t\t\t\t\t\t\t<\/li>\n\t\t\t\t\t\t\t\t<li class=\"elementor-icon-list-item\">\n\t\t\t\t\t\t\t\t\t\t\t<span class=\"elementor-icon-list-icon\">\n\t\t\t\t\t\t\t<i aria-hidden=\"true\" class=\"fas fa-check\"><\/i>\t\t\t\t\t\t<\/span>\n\t\t\t\t\t\t\t\t\t\t<span class=\"elementor-icon-list-text\">Auch mit Drehkorb auf abnehmbarem Wagen erh\u00e4ltlich<\/span>\n\t\t\t\t\t\t\t\t\t<\/li>\n\t\t\t\t\t\t\t\t<li class=\"elementor-icon-list-item\">\n\t\t\t\t\t\t\t\t\t\t\t<span class=\"elementor-icon-list-icon\">\n\t\t\t\t\t\t\t<i aria-hidden=\"true\" class=\"fas fa-check\"><\/i>\t\t\t\t\t\t<\/span>\n\t\t\t\t\t\t\t\t\t\t<span class=\"elementor-icon-list-text\">Digitaler elektronischer Temperaturregler mit Selbstdiagnose, einfache und intuitive Bedienung<\/span>\n\t\t\t\t\t\t\t\t\t<\/li>\n\t\t\t\t\t\t\t\t<li class=\"elementor-icon-list-item\">\n\t\t\t\t\t\t\t\t\t\t\t<span class=\"elementor-icon-list-icon\">\n\t\t\t\t\t\t\t<i aria-hidden=\"true\" class=\"fas fa-check\"><\/i>\t\t\t\t\t\t<\/span>\n\t\t\t\t\t\t\t\t\t\t<span class=\"elementor-icon-list-text\">Innovatives selbst ausl\u00f6sendes Schutzsystem, das den Ofenbetrieb bei versehentlichem \u00dcberschreiten der Solltemperatur anh\u00e4lt<\/span>\n\t\t\t\t\t\t\t\t\t<\/li>\n\t\t\t\t\t\t\t\t<li class=\"elementor-icon-list-item\">\n\t\t\t\t\t\t\t\t\t\t\t<span class=\"elementor-icon-list-icon\">\n\t\t\t\t\t\t\t<i aria-hidden=\"true\" class=\"fas fa-check\"><\/i>\t\t\t\t\t\t<\/span>\n\t\t\t\t\t\t\t\t\t\t<span class=\"elementor-icon-list-text\">Gro\u00dfe Auswahl an Zubeh\u00f6r auf Anfrage<\/span>\n\t\t\t\t\t\t\t\t\t<\/li>\n\t\t\t\t\t\t<\/ul>\n\t\t\t\t<\/div>\n\t\t\t\t<\/div>\n\t\t\t\t<div class=\"elementor-element elementor-element-bc04178 elementor-widget elementor-widget-heading\" data-id=\"bc04178\" data-element_type=\"widget\" data-widget_type=\"heading.default\">\n\t\t\t\t<div class=\"elementor-widget-container\">\n\t\t\t<h2 class=\"elementor-heading-title elementor-size-default\">Exzellenter Wert f\u00fcr Geld<\/h2>\t\t<\/div>\n\t\t\t\t<\/div>\n\t\t\t\t\t<\/div>\n\t\t<\/div>\n\t\t\t\t\t<\/div>\n\t\t<\/section>\n\t\t\t\t<\/div>\n\t\t","protected":false},"excerpt":{"rendered":"<p>Elektrisch beheizte Industrie\u00f6fen mit Umluft geeignet f\u00fcr W\u00e4rmebehandlungen bis 260\u00b0C<\/p>\n<p>HOCHFLEXIBLE elektrisch beheizte Industrie\u00f6fen mit Umluft, geeignet f\u00fcr die unterschiedlichsten &#8211; und anspruchsvollsten &#8211; W\u00e4rmebehandlungen. Ebenerdiger Boden zum Einbringen von Beschickungswagen, Horden, K\u00f6rben, Beh\u00e4ltern, usw.<\/p>\n","protected":false},"featured_media":6612,"comment_status":"open","ping_status":"closed","template":"","meta":[],"product_brand":[],"product_cat":[333],"product_tag":[],"class_list":{"0":"post-8142","1":"product","2":"type-product","3":"status-publish","4":"has-post-thumbnail","6":"product_cat-elektrisch-belueftete-oefen","8":"first","9":"instock","10":"shipping-taxable","11":"product-type-simple"},"yoast_head":"<!-- This site is optimized with the Yoast SEO plugin v27.2 - https:\/\/yoast.com\/product\/yoast-seo-wordpress\/ -->\n<title>\u00d6fen typ CDTM - Sermac<\/title>\n<meta name=\"robots\" content=\"index, follow, max-snippet:-1, max-image-preview:large, max-video-preview:-1\" \/>\n<link rel=\"canonical\" href=\"https:\/\/www.sermac.it\/de\/elektrisch-beheizte-industrieoefen-absaugfilteranlagen-software\/ofen-forni-cdtm\/\" \/>\n<meta property=\"og:locale\" content=\"de_DE\" \/>\n<meta property=\"og:type\" content=\"article\" \/>\n<meta property=\"og:title\" content=\"\u00d6fen typ CDTM - Sermac\" \/>\n<meta property=\"og:description\" content=\"Elektrisch beheizte Industrie\u00f6fen mit Umluft geeignet f\u00fcr W\u00e4rmebehandlungen bis 260\u00b0C  HOCHFLEXIBLE elektrisch beheizte Industrie\u00f6fen mit Umluft, geeignet f\u00fcr die unterschiedlichsten - und anspruchsvollsten - W\u00e4rmebehandlungen. Ebenerdiger Boden zum Einbringen von Beschickungswagen, Horden, K\u00f6rben, Beh\u00e4ltern, usw.\" \/>\n<meta property=\"og:url\" content=\"https:\/\/www.sermac.it\/de\/elektrisch-beheizte-industrieoefen-absaugfilteranlagen-software\/ofen-forni-cdtm\/\" \/>\n<meta property=\"og:site_name\" content=\"Sermac\" \/>\n<meta property=\"article:modified_time\" content=\"2021-11-08T09:09:27+00:00\" \/>\n<meta property=\"og:image\" content=\"https:\/\/www.sermac.it\/wp-content\/uploads\/2020\/12\/CDTM-01.jpg\" \/>\n\t<meta property=\"og:image:width\" content=\"600\" \/>\n\t<meta property=\"og:image:height\" content=\"600\" \/>\n\t<meta property=\"og:image:type\" content=\"image\/jpeg\" \/>\n<meta name=\"twitter:card\" content=\"summary_large_image\" \/>\n<meta name=\"twitter:label1\" content=\"Gesch\u00e4tzte Lesezeit\" \/>\n\t<meta name=\"twitter:data1\" content=\"1\u00a0Minute\" \/>\n<script type=\"application\/ld+json\" class=\"yoast-schema-graph\">{\"@context\":\"https:\/\/schema.org\",\"@graph\":[{\"@type\":\"WebPage\",\"@id\":\"https:\/\/www.sermac.it\/de\/elektrisch-beheizte-industrieoefen-absaugfilteranlagen-software\/ofen-forni-cdtm\/\",\"url\":\"https:\/\/www.sermac.it\/de\/elektrisch-beheizte-industrieoefen-absaugfilteranlagen-software\/ofen-forni-cdtm\/\",\"name\":\"\u00d6fen typ CDTM - Sermac\",\"isPartOf\":{\"@id\":\"https:\/\/www.sermac.it\/de\/#website\"},\"primaryImageOfPage\":{\"@id\":\"https:\/\/www.sermac.it\/de\/elektrisch-beheizte-industrieoefen-absaugfilteranlagen-software\/ofen-forni-cdtm\/#primaryimage\"},\"image\":{\"@id\":\"https:\/\/www.sermac.it\/de\/elektrisch-beheizte-industrieoefen-absaugfilteranlagen-software\/ofen-forni-cdtm\/#primaryimage\"},\"thumbnailUrl\":\"https:\/\/www.sermac.it\/wp-content\/uploads\/2020\/12\/CDTM-01.jpg\",\"datePublished\":\"2021-11-05T11:36:33+00:00\",\"dateModified\":\"2021-11-08T09:09:27+00:00\",\"breadcrumb\":{\"@id\":\"https:\/\/www.sermac.it\/de\/elektrisch-beheizte-industrieoefen-absaugfilteranlagen-software\/ofen-forni-cdtm\/#breadcrumb\"},\"inLanguage\":\"de\",\"potentialAction\":[{\"@type\":\"ReadAction\",\"target\":[\"https:\/\/www.sermac.it\/de\/elektrisch-beheizte-industrieoefen-absaugfilteranlagen-software\/ofen-forni-cdtm\/\"]}]},{\"@type\":\"ImageObject\",\"inLanguage\":\"de\",\"@id\":\"https:\/\/www.sermac.it\/de\/elektrisch-beheizte-industrieoefen-absaugfilteranlagen-software\/ofen-forni-cdtm\/#primaryimage\",\"url\":\"https:\/\/www.sermac.it\/wp-content\/uploads\/2020\/12\/CDTM-01.jpg\",\"contentUrl\":\"https:\/\/www.sermac.it\/wp-content\/uploads\/2020\/12\/CDTM-01.jpg\",\"width\":600,\"height\":600,\"caption\":\"Forni elettrici ventilati CDTM\"},{\"@type\":\"BreadcrumbList\",\"@id\":\"https:\/\/www.sermac.it\/de\/elektrisch-beheizte-industrieoefen-absaugfilteranlagen-software\/ofen-forni-cdtm\/#breadcrumb\",\"itemListElement\":[{\"@type\":\"ListItem\",\"position\":1,\"name\":\"Home\",\"item\":\"https:\/\/www.sermac.it\/de\/\"},{\"@type\":\"ListItem\",\"position\":2,\"name\":\"Elektrisch beheizte industrie\u00f6fen, absaugfilteranlagen und software\",\"item\":\"https:\/\/www.sermac.it\/de\/elektrisch-beheizte-industrieoefen-absaugfilteranlagen-software\/\"},{\"@type\":\"ListItem\",\"position\":3,\"name\":\"\u00d6fen typ CDTM\"}]},{\"@type\":\"WebSite\",\"@id\":\"https:\/\/www.sermac.it\/de\/#website\",\"url\":\"https:\/\/www.sermac.it\/de\/\",\"name\":\"Sermac\",\"description\":\"Forni industriali\",\"publisher\":{\"@id\":\"https:\/\/www.sermac.it\/de\/#organization\"},\"potentialAction\":[{\"@type\":\"SearchAction\",\"target\":{\"@type\":\"EntryPoint\",\"urlTemplate\":\"https:\/\/www.sermac.it\/de\/?s={search_term_string}\"},\"query-input\":{\"@type\":\"PropertyValueSpecification\",\"valueRequired\":true,\"valueName\":\"search_term_string\"}}],\"inLanguage\":\"de\"},{\"@type\":\"Organization\",\"@id\":\"https:\/\/www.sermac.it\/de\/#organization\",\"name\":\"Sermac Forni Industriali\",\"url\":\"https:\/\/www.sermac.it\/de\/\",\"logo\":{\"@type\":\"ImageObject\",\"inLanguage\":\"de\",\"@id\":\"https:\/\/www.sermac.it\/de\/#\/schema\/logo\/image\/\",\"url\":\"https:\/\/www.sermac.it\/wp-content\/uploads\/2020\/04\/logo_ita.jpg\",\"contentUrl\":\"https:\/\/www.sermac.it\/wp-content\/uploads\/2020\/04\/logo_ita.jpg\",\"width\":227,\"height\":69,\"caption\":\"Sermac Forni Industriali\"},\"image\":{\"@id\":\"https:\/\/www.sermac.it\/de\/#\/schema\/logo\/image\/\"}}]}<\/script>\n<!-- \/ Yoast SEO plugin. -->","yoast_head_json":{"title":"\u00d6fen typ CDTM - Sermac","robots":{"index":"index","follow":"follow","max-snippet":"max-snippet:-1","max-image-preview":"max-image-preview:large","max-video-preview":"max-video-preview:-1"},"canonical":"https:\/\/www.sermac.it\/de\/elektrisch-beheizte-industrieoefen-absaugfilteranlagen-software\/ofen-forni-cdtm\/","og_locale":"de_DE","og_type":"article","og_title":"\u00d6fen typ CDTM - Sermac","og_description":"Elektrisch beheizte Industrie\u00f6fen mit Umluft geeignet f\u00fcr W\u00e4rmebehandlungen bis 260\u00b0C  HOCHFLEXIBLE elektrisch beheizte Industrie\u00f6fen mit Umluft, geeignet f\u00fcr die unterschiedlichsten - und anspruchsvollsten - W\u00e4rmebehandlungen. Ebenerdiger Boden zum Einbringen von Beschickungswagen, Horden, K\u00f6rben, Beh\u00e4ltern, usw.","og_url":"https:\/\/www.sermac.it\/de\/elektrisch-beheizte-industrieoefen-absaugfilteranlagen-software\/ofen-forni-cdtm\/","og_site_name":"Sermac","article_modified_time":"2021-11-08T09:09:27+00:00","og_image":[{"width":600,"height":600,"url":"https:\/\/www.sermac.it\/wp-content\/uploads\/2020\/12\/CDTM-01.jpg","type":"image\/jpeg"}],"twitter_card":"summary_large_image","twitter_misc":{"Gesch\u00e4tzte Lesezeit":"1\u00a0Minute"},"schema":{"@context":"https:\/\/schema.org","@graph":[{"@type":"WebPage","@id":"https:\/\/www.sermac.it\/de\/elektrisch-beheizte-industrieoefen-absaugfilteranlagen-software\/ofen-forni-cdtm\/","url":"https:\/\/www.sermac.it\/de\/elektrisch-beheizte-industrieoefen-absaugfilteranlagen-software\/ofen-forni-cdtm\/","name":"\u00d6fen typ CDTM - Sermac","isPartOf":{"@id":"https:\/\/www.sermac.it\/de\/#website"},"primaryImageOfPage":{"@id":"https:\/\/www.sermac.it\/de\/elektrisch-beheizte-industrieoefen-absaugfilteranlagen-software\/ofen-forni-cdtm\/#primaryimage"},"image":{"@id":"https:\/\/www.sermac.it\/de\/elektrisch-beheizte-industrieoefen-absaugfilteranlagen-software\/ofen-forni-cdtm\/#primaryimage"},"thumbnailUrl":"https:\/\/www.sermac.it\/wp-content\/uploads\/2020\/12\/CDTM-01.jpg","datePublished":"2021-11-05T11:36:33+00:00","dateModified":"2021-11-08T09:09:27+00:00","breadcrumb":{"@id":"https:\/\/www.sermac.it\/de\/elektrisch-beheizte-industrieoefen-absaugfilteranlagen-software\/ofen-forni-cdtm\/#breadcrumb"},"inLanguage":"de","potentialAction":[{"@type":"ReadAction","target":["https:\/\/www.sermac.it\/de\/elektrisch-beheizte-industrieoefen-absaugfilteranlagen-software\/ofen-forni-cdtm\/"]}]},{"@type":"ImageObject","inLanguage":"de","@id":"https:\/\/www.sermac.it\/de\/elektrisch-beheizte-industrieoefen-absaugfilteranlagen-software\/ofen-forni-cdtm\/#primaryimage","url":"https:\/\/www.sermac.it\/wp-content\/uploads\/2020\/12\/CDTM-01.jpg","contentUrl":"https:\/\/www.sermac.it\/wp-content\/uploads\/2020\/12\/CDTM-01.jpg","width":600,"height":600,"caption":"Forni elettrici ventilati CDTM"},{"@type":"BreadcrumbList","@id":"https:\/\/www.sermac.it\/de\/elektrisch-beheizte-industrieoefen-absaugfilteranlagen-software\/ofen-forni-cdtm\/#breadcrumb","itemListElement":[{"@type":"ListItem","position":1,"name":"Home","item":"https:\/\/www.sermac.it\/de\/"},{"@type":"ListItem","position":2,"name":"Elektrisch beheizte industrie\u00f6fen, absaugfilteranlagen und software","item":"https:\/\/www.sermac.it\/de\/elektrisch-beheizte-industrieoefen-absaugfilteranlagen-software\/"},{"@type":"ListItem","position":3,"name":"\u00d6fen typ CDTM"}]},{"@type":"WebSite","@id":"https:\/\/www.sermac.it\/de\/#website","url":"https:\/\/www.sermac.it\/de\/","name":"Sermac","description":"Forni industriali","publisher":{"@id":"https:\/\/www.sermac.it\/de\/#organization"},"potentialAction":[{"@type":"SearchAction","target":{"@type":"EntryPoint","urlTemplate":"https:\/\/www.sermac.it\/de\/?s={search_term_string}"},"query-input":{"@type":"PropertyValueSpecification","valueRequired":true,"valueName":"search_term_string"}}],"inLanguage":"de"},{"@type":"Organization","@id":"https:\/\/www.sermac.it\/de\/#organization","name":"Sermac Forni Industriali","url":"https:\/\/www.sermac.it\/de\/","logo":{"@type":"ImageObject","inLanguage":"de","@id":"https:\/\/www.sermac.it\/de\/#\/schema\/logo\/image\/","url":"https:\/\/www.sermac.it\/wp-content\/uploads\/2020\/04\/logo_ita.jpg","contentUrl":"https:\/\/www.sermac.it\/wp-content\/uploads\/2020\/04\/logo_ita.jpg","width":227,"height":69,"caption":"Sermac Forni Industriali"},"image":{"@id":"https:\/\/www.sermac.it\/de\/#\/schema\/logo\/image\/"}}]}},"_links":{"self":[{"href":"https:\/\/www.sermac.it\/de\/wp-json\/wp\/v2\/product\/8142","targetHints":{"allow":["GET"]}}],"collection":[{"href":"https:\/\/www.sermac.it\/de\/wp-json\/wp\/v2\/product"}],"about":[{"href":"https:\/\/www.sermac.it\/de\/wp-json\/wp\/v2\/types\/product"}],"replies":[{"embeddable":true,"href":"https:\/\/www.sermac.it\/de\/wp-json\/wp\/v2\/comments?post=8142"}],"version-history":[{"count":0,"href":"https:\/\/www.sermac.it\/de\/wp-json\/wp\/v2\/product\/8142\/revisions"}],"wp:featuredmedia":[{"embeddable":true,"href":"https:\/\/www.sermac.it\/de\/wp-json\/wp\/v2\/media\/6612"}],"wp:attachment":[{"href":"https:\/\/www.sermac.it\/de\/wp-json\/wp\/v2\/media?parent=8142"}],"wp:term":[{"taxonomy":"product_brand","embeddable":true,"href":"https:\/\/www.sermac.it\/de\/wp-json\/wp\/v2\/product_brand?post=8142"},{"taxonomy":"product_cat","embeddable":true,"href":"https:\/\/www.sermac.it\/de\/wp-json\/wp\/v2\/product_cat?post=8142"},{"taxonomy":"product_tag","embeddable":true,"href":"https:\/\/www.sermac.it\/de\/wp-json\/wp\/v2\/product_tag?post=8142"}],"curies":[{"name":"wp","href":"https:\/\/api.w.org\/{rel}","templated":true}]}}